{"id":16,"date":"2020-01-03T17:07:37","date_gmt":"2020-01-03T17:07:37","guid":{"rendered":"https:\/\/ampasantramon.cat\/?page_id=16"},"modified":"2020-01-04T16:05:56","modified_gmt":"2020-01-04T16:05:56","slug":"que-es-lampa","status":"publish","type":"page","link":"https:\/\/ampasantramon.cat\/index.php\/que-es-lampa\/","title":{"rendered":"Qu\u00e8 \u00e9s l&#8217;AMPA?"},"content":{"rendered":"\n<p class=\"has-text-align-left\">Les sigles AMPA corresponen a \u201cAssociaci\u00f3 de Mares i Pares d\u2019Alumnes\u201d.<\/p>\n\n\n\n<p>\u201c<strong>Associaci\u00f3 de Mares i Pares d\u2019Alumnes del Col\u00b7legi Sant Ramon<\/strong>\u201d \u00e9s una entitat sense afany de lucre que est\u00e0 formada per les mares i pares dels alumnes de l\u2019escola. Est\u00e0 reconeguda legalment al registre d\u2019associacions i les seves funcions estan regulades per un Decret de la Generalitat de Catalunya.<\/p>\n\n\n\n<p>La missi\u00f3 de l\u2019<strong>AMPA&nbsp;<\/strong>\u00e9s representar els pares davant l\u2019escola, facilitar la comunicaci\u00f3 i col\u00b7laboraci\u00f3 de tota la comunitat educativa, col\u00b7laborar amb l\u2019escola mitjan\u00e7ant el suport a les activitats que es realitzen i la presentaci\u00f3 d\u2019iniciatives pr\u00f2pies per tal de contribuir a la millora de l\u2019ensenyament que reben els alumnes de l&#8217;escola.<\/p>\n\n\n\n<p>L\u2019<strong>AMPA&nbsp;<\/strong>\u00e9s la interlocutora per a tractar temes que afecten a tot el col\u00b7lectiu de les fam\u00edlies, transmetent les opinions i les reflexions de les mares i dels pares sobre temes educatius i del funcionament quotidi\u00e0 de l\u2019Escola. Participa en la presa de decisions de l\u2019Escola amb un representant al Consell Escolar del Centre.<\/p>\n\n\n\n<p>La participaci\u00f3 a l\u2019<strong>AMPA&nbsp;<\/strong>\u00e9s sempre desinteressada, ja que totes les activitats es fan des del voluntariat: implica cedir una part del nostre temps per tal de col\u00b7laborar amb l\u2019objectiu final, que \u00e9s la formaci\u00f3 i educaci\u00f3 dels nostres fills i filles.<\/p>\n\n\n\n<p>T\u00e9 els seg\u00fcents objectius:<\/p>\n\n\n\n<ul class=\"wp-block-list\"><li>Recollir inquietuds, representar i defensar els interessos de totes les fam\u00edlies.<\/li><li>Promoure la participaci\u00f3 dels pares dels alumnes.<\/li><li>Promoure i realitzar tota mena d\u2019activitats que afavoreixen el desenvolupament i l\u2019enriquiment de les dimensions fisicoesportives, artisticoculturals i transcendents dels alumnes, d\u2019acord amb la direcci\u00f3 del centre.<\/li><li>Canalitzar les iniciatives i suggeriments dels pares, en ordre a la major efic\u00e0cia i servei del Col\u00b7legi, creant i mantenint els camins de di\u00e0leg i participaci\u00f3 en la gesti\u00f3 de l\u2019escola.<\/li><li>Promoure festes, competicions esportives i altres activitats de car\u00e0cter col\u00b7lectiu, que ofereixen trobades de conviv\u00e8ncia i germanor.<\/li><\/ul>\n","protected":false},"excerpt":{"rendered":"<p>Les sigles AMPA corresponen a \u201cAssociaci\u00f3 de Mares i Pares d\u2019Alumnes\u201d. \u201cAssociaci\u00f3 de Mares i Pares d\u2019Alumnes del Col\u00b7legi Sant Ramon\u201d \u00e9s una entitat sense afany de lucre que est\u00e0 formada per les mares i pares dels alumnes de l\u2019escola. Est\u00e0 reconeguda legalment al registre d\u2019associacions i les seves funcions estan regulades per un Decret [&hellip;]<\/p>\n","protected":false},"author":2,"featured_media":0,"parent":0,"menu_order":0,"comment_status":"closed","ping_status":"closed","template":"","meta":{"footnotes":""},"class_list":["post-16","page","type-page","status-publish","hentry"],"yoast_head":"<!-- This site is optimized with the Yoast SEO plugin v24.1 - https:\/\/yoast.com\/wordpress\/plugins\/seo\/ -->\n<title>Qu\u00e8 \u00e9s l&#039;AMPA? - AMPA Sant Ramon de Penyafort<\/title>\n<meta name=\"robots\" content=\"index, follow, max-snippet:-1, max-image-preview:large, max-video-preview:-1\" \/>\n<link rel=\"canonical\" href=\"https:\/\/ampasantramon.cat\/index.php\/que-es-lampa\/\" \/>\n<meta property=\"og:locale\" content=\"ca_ES\" \/>\n<meta property=\"og:type\" content=\"article\" \/>\n<meta property=\"og:title\" content=\"Qu\u00e8 \u00e9s l&#039;AMPA? - AMPA Sant Ramon de Penyafort\" \/>\n<meta property=\"og:description\" content=\"Les sigles AMPA corresponen a \u201cAssociaci\u00f3 de Mares i Pares d\u2019Alumnes\u201d. \u201cAssociaci\u00f3 de Mares i Pares d\u2019Alumnes del Col\u00b7legi Sant Ramon\u201d \u00e9s una entitat sense afany de lucre que est\u00e0 formada per les mares i pares dels alumnes de l\u2019escola. Est\u00e0 reconeguda legalment al registre d\u2019associacions i les seves funcions estan regulades per un Decret [&hellip;]\" \/>\n<meta property=\"og:url\" content=\"https:\/\/ampasantramon.cat\/index.php\/que-es-lampa\/\" \/>\n<meta property=\"og:site_name\" content=\"AMPA Sant Ramon de Penyafort\" \/>\n<meta property=\"article:modified_time\" content=\"2020-01-04T16:05:56+00:00\" \/>\n<meta name=\"twitter:card\" content=\"summary_large_image\" \/>\n<meta name=\"twitter:label1\" content=\"Temps estimat de lectura\" \/>\n\t<meta name=\"twitter:data1\" content=\"2 minuts\" \/>\n<script type=\"application\/ld+json\" class=\"yoast-schema-graph\">{\"@context\":\"https:\/\/schema.org\",\"@graph\":[{\"@type\":\"WebPage\",\"@id\":\"https:\/\/ampasantramon.cat\/index.php\/que-es-lampa\/\",\"url\":\"https:\/\/ampasantramon.cat\/index.php\/que-es-lampa\/\",\"name\":\"Qu\u00e8 \u00e9s l'AMPA? - AMPA Sant Ramon de Penyafort\",\"isPartOf\":{\"@id\":\"https:\/\/ampasantramon.cat\/#website\"},\"datePublished\":\"2020-01-03T17:07:37+00:00\",\"dateModified\":\"2020-01-04T16:05:56+00:00\",\"breadcrumb\":{\"@id\":\"https:\/\/ampasantramon.cat\/index.php\/que-es-lampa\/#breadcrumb\"},\"inLanguage\":\"ca\",\"potentialAction\":[{\"@type\":\"ReadAction\",\"target\":[\"https:\/\/ampasantramon.cat\/index.php\/que-es-lampa\/\"]}]},{\"@type\":\"BreadcrumbList\",\"@id\":\"https:\/\/ampasantramon.cat\/index.php\/que-es-lampa\/#breadcrumb\",\"itemListElement\":[{\"@type\":\"ListItem\",\"position\":1,\"name\":\"Inici\",\"item\":\"https:\/\/ampasantramon.cat\/\"},{\"@type\":\"ListItem\",\"position\":2,\"name\":\"Qu\u00e8 \u00e9s l&#8217;AMPA?\"}]},{\"@type\":\"WebSite\",\"@id\":\"https:\/\/ampasantramon.cat\/#website\",\"url\":\"https:\/\/ampasantramon.cat\/\",\"name\":\"AMPA Sant Ramon de Penyafort\",\"description\":\"P\u00e0gina web de l&#039;escola Sant Ramon de Penyafort - Manyanet Vilafranca\",\"publisher\":{\"@id\":\"https:\/\/ampasantramon.cat\/#organization\"},\"potentialAction\":[{\"@type\":\"SearchAction\",\"target\":{\"@type\":\"EntryPoint\",\"urlTemplate\":\"https:\/\/ampasantramon.cat\/?s={search_term_string}\"},\"query-input\":{\"@type\":\"PropertyValueSpecification\",\"valueRequired\":true,\"valueName\":\"search_term_string\"}}],\"inLanguage\":\"ca\"},{\"@type\":\"Organization\",\"@id\":\"https:\/\/ampasantramon.cat\/#organization\",\"name\":\"AMPA Sant Ramon de Penyafort\",\"url\":\"https:\/\/ampasantramon.cat\/\",\"logo\":{\"@type\":\"ImageObject\",\"inLanguage\":\"ca\",\"@id\":\"https:\/\/ampasantramon.cat\/#\/schema\/logo\/image\/\",\"url\":\"https:\/\/ampasantramon.cat\/wp-content\/uploads\/2020\/01\/cropped-ampa_logo_400x400-2.jpg\",\"contentUrl\":\"https:\/\/ampasantramon.cat\/wp-content\/uploads\/2020\/01\/cropped-ampa_logo_400x400-2.jpg\",\"width\":150,\"height\":150,\"caption\":\"AMPA Sant Ramon de Penyafort\"},\"image\":{\"@id\":\"https:\/\/ampasantramon.cat\/#\/schema\/logo\/image\/\"},\"sameAs\":[\"https:\/\/www.instagram.com\/ampamanyanetvilafranca\/\"]}]}<\/script>\n<!-- \/ Yoast SEO plugin. -->","yoast_head_json":{"title":"Qu\u00e8 \u00e9s l'AMPA? - AMPA Sant Ramon de Penyafort","robots":{"index":"index","follow":"follow","max-snippet":"max-snippet:-1","max-image-preview":"max-image-preview:large","max-video-preview":"max-video-preview:-1"},"canonical":"https:\/\/ampasantramon.cat\/index.php\/que-es-lampa\/","og_locale":"ca_ES","og_type":"article","og_title":"Qu\u00e8 \u00e9s l'AMPA? - AMPA Sant Ramon de Penyafort","og_description":"Les sigles AMPA corresponen a \u201cAssociaci\u00f3 de Mares i Pares d\u2019Alumnes\u201d. \u201cAssociaci\u00f3 de Mares i Pares d\u2019Alumnes del Col\u00b7legi Sant Ramon\u201d \u00e9s una entitat sense afany de lucre que est\u00e0 formada per les mares i pares dels alumnes de l\u2019escola. Est\u00e0 reconeguda legalment al registre d\u2019associacions i les seves funcions estan regulades per un Decret [&hellip;]","og_url":"https:\/\/ampasantramon.cat\/index.php\/que-es-lampa\/","og_site_name":"AMPA Sant Ramon de Penyafort","article_modified_time":"2020-01-04T16:05:56+00:00","twitter_card":"summary_large_image","twitter_misc":{"Temps estimat de lectura":"2 minuts"},"schema":{"@context":"https:\/\/schema.org","@graph":[{"@type":"WebPage","@id":"https:\/\/ampasantramon.cat\/index.php\/que-es-lampa\/","url":"https:\/\/ampasantramon.cat\/index.php\/que-es-lampa\/","name":"Qu\u00e8 \u00e9s l'AMPA? - AMPA Sant Ramon de Penyafort","isPartOf":{"@id":"https:\/\/ampasantramon.cat\/#website"},"datePublished":"2020-01-03T17:07:37+00:00","dateModified":"2020-01-04T16:05:56+00:00","breadcrumb":{"@id":"https:\/\/ampasantramon.cat\/index.php\/que-es-lampa\/#breadcrumb"},"inLanguage":"ca","potentialAction":[{"@type":"ReadAction","target":["https:\/\/ampasantramon.cat\/index.php\/que-es-lampa\/"]}]},{"@type":"BreadcrumbList","@id":"https:\/\/ampasantramon.cat\/index.php\/que-es-lampa\/#breadcrumb","itemListElement":[{"@type":"ListItem","position":1,"name":"Inici","item":"https:\/\/ampasantramon.cat\/"},{"@type":"ListItem","position":2,"name":"Qu\u00e8 \u00e9s l&#8217;AMPA?"}]},{"@type":"WebSite","@id":"https:\/\/ampasantramon.cat\/#website","url":"https:\/\/ampasantramon.cat\/","name":"AMPA Sant Ramon de Penyafort","description":"P\u00e0gina web de l&#039;escola Sant Ramon de Penyafort - Manyanet Vilafranca","publisher":{"@id":"https:\/\/ampasantramon.cat\/#organization"},"potentialAction":[{"@type":"SearchAction","target":{"@type":"EntryPoint","urlTemplate":"https:\/\/ampasantramon.cat\/?s={search_term_string}"},"query-input":{"@type":"PropertyValueSpecification","valueRequired":true,"valueName":"search_term_string"}}],"inLanguage":"ca"},{"@type":"Organization","@id":"https:\/\/ampasantramon.cat\/#organization","name":"AMPA Sant Ramon de Penyafort","url":"https:\/\/ampasantramon.cat\/","logo":{"@type":"ImageObject","inLanguage":"ca","@id":"https:\/\/ampasantramon.cat\/#\/schema\/logo\/image\/","url":"https:\/\/ampasantramon.cat\/wp-content\/uploads\/2020\/01\/cropped-ampa_logo_400x400-2.jpg","contentUrl":"https:\/\/ampasantramon.cat\/wp-content\/uploads\/2020\/01\/cropped-ampa_logo_400x400-2.jpg","width":150,"height":150,"caption":"AMPA Sant Ramon de Penyafort"},"image":{"@id":"https:\/\/ampasantramon.cat\/#\/schema\/logo\/image\/"},"sameAs":["https:\/\/www.instagram.com\/ampamanyanetvilafranca\/"]}]}},"_links":{"self":[{"href":"https:\/\/ampasantramon.cat\/index.php\/wp-json\/wp\/v2\/pages\/16","targetHints":{"allow":["GET"]}}],"collection":[{"href":"https:\/\/ampasantramon.cat\/index.php\/wp-json\/wp\/v2\/pages"}],"about":[{"href":"https:\/\/ampasantramon.cat\/index.php\/wp-json\/wp\/v2\/types\/page"}],"author":[{"embeddable":true,"href":"https:\/\/ampasantramon.cat\/index.php\/wp-json\/wp\/v2\/users\/2"}],"replies":[{"embeddable":true,"href":"https:\/\/ampasantramon.cat\/index.php\/wp-json\/wp\/v2\/comments?post=16"}],"version-history":[{"count":7,"href":"https:\/\/ampasantramon.cat\/index.php\/wp-json\/wp\/v2\/pages\/16\/revisions"}],"predecessor-version":[{"id":58,"href":"https:\/\/ampasantramon.cat\/index.php\/wp-json\/wp\/v2\/pages\/16\/revisions\/58"}],"wp:attachment":[{"href":"https:\/\/ampasantramon.cat\/index.php\/wp-json\/wp\/v2\/media?parent=16"}],"curies":[{"name":"wp","href":"https:\/\/api.w.org\/{rel}","templated":true}]}}