{"id":29,"date":"2020-01-03T17:44:49","date_gmt":"2020-01-03T17:44:49","guid":{"rendered":"https:\/\/ampasantramon.cat\/?page_id=29"},"modified":"2025-01-15T08:19:08","modified_gmt":"2025-01-15T08:19:08","slug":"qui-som","status":"publish","type":"page","link":"https:\/\/ampasantramon.cat\/index.php\/qui-som\/","title":{"rendered":"Qui som?"},"content":{"rendered":"\n<p>Formen part de l&#8217;AMPA tots aquells que col\u00b7laboren econ\u00f2micament amb el finan\u00e7ament de les activitats organitzades per l\u2019<strong>AMPA<\/strong>, que prov\u00e9 de la quota mensual establerta anualment i aprovada a l\u2019assemblea general de l\u2019associaci\u00f3.<\/p>\n\n\n\n<p>L\u2019<strong>AMPA&nbsp;<\/strong>\u00e9s representada pels membres de la junta directiva, que \u00e9s renovada peri\u00f2dicament a l\u2019assemblea general per votaci\u00f3 dels associats. S\u2019organitza en diferents vocalies que es corresponen amb les diverses activitats que es duen a terme.<\/p>\n\n\n\n<p>Els actuals membres de la junta directiva 2024-2025 s\u00f3n:<\/p>\n\n\n\n<ul class=\"wp-block-list\">\n<li>Consiliari: Sen\u00e9n Ullate<\/li>\n\n\n\n<li>President: Miriam Queralt <\/li>\n\n\n\n<li>Vicepresid\u00e8ncia: Maria del Mar Casas i Inma Magraner<\/li>\n\n\n\n<li>Secretaria: Irene Lozano <\/li>\n\n\n\n<li>Comptabilitat i tresoreria: Jenni N\u00fa\u00f1ez<\/li>\n\n\n\n<li>Vocalies:\n<ul class=\"wp-block-list\">\n<li>Mariela Benalc\u00e1zar <\/li>\n\n\n\n<li>Anna Bigaire <\/li>\n\n\n\n<li>Katy Acosta<\/li>\n\n\n\n<li>Isa Dorio<\/li>\n\n\n\n<li>Pere Roig<\/li>\n\n\n\n<li>Judit Dominguez<\/li>\n\n\n\n<li>Estefania Ballabriga<\/li>\n<\/ul>\n<\/li>\n<\/ul>\n\n\n\n<p>Tot aquell que vulgui participar i\/o formar part de la junta \u00e9s m\u00e9s que benvingut!<\/p>\n\n\n\n<p><\/p>\n","protected":false},"excerpt":{"rendered":"<p>Formen part de l&#8217;AMPA tots aquells que col\u00b7laboren econ\u00f2micament amb el finan\u00e7ament de les activitats organitzades per l\u2019AMPA, que prov\u00e9 de la quota mensual establerta anualment i aprovada a l\u2019assemblea general de l\u2019associaci\u00f3. L\u2019AMPA&nbsp;\u00e9s representada pels membres de la junta directiva, que \u00e9s renovada peri\u00f2dicament a l\u2019assemblea general per votaci\u00f3 dels associats. S\u2019organitza en diferents [&hellip;]<\/p>\n","protected":false},"author":2,"featured_media":0,"parent":0,"menu_order":0,"comment_status":"closed","ping_status":"closed","template":"","meta":{"footnotes":""},"class_list":["post-29","page","type-page","status-publish","hentry"],"yoast_head":"<!-- This site is optimized with the Yoast SEO plugin v24.1 - https:\/\/yoast.com\/wordpress\/plugins\/seo\/ -->\n<title>Qui som? - AMPA Sant Ramon de Penyafort<\/title>\n<meta name=\"robots\" content=\"index, follow, max-snippet:-1, max-image-preview:large, max-video-preview:-1\" \/>\n<link rel=\"canonical\" href=\"https:\/\/ampasantramon.cat\/index.php\/qui-som\/\" \/>\n<meta property=\"og:locale\" content=\"ca_ES\" \/>\n<meta property=\"og:type\" content=\"article\" \/>\n<meta property=\"og:title\" content=\"Qui som? - AMPA Sant Ramon de Penyafort\" \/>\n<meta property=\"og:description\" content=\"Formen part de l&#8217;AMPA tots aquells que col\u00b7laboren econ\u00f2micament amb el finan\u00e7ament de les activitats organitzades per l\u2019AMPA, que prov\u00e9 de la quota mensual establerta anualment i aprovada a l\u2019assemblea general de l\u2019associaci\u00f3. L\u2019AMPA&nbsp;\u00e9s representada pels membres de la junta directiva, que \u00e9s renovada peri\u00f2dicament a l\u2019assemblea general per votaci\u00f3 dels associats. S\u2019organitza en diferents [&hellip;]\" \/>\n<meta property=\"og:url\" content=\"https:\/\/ampasantramon.cat\/index.php\/qui-som\/\" \/>\n<meta property=\"og:site_name\" content=\"AMPA Sant Ramon de Penyafort\" \/>\n<meta property=\"article:modified_time\" content=\"2025-01-15T08:19:08+00:00\" \/>\n<meta name=\"twitter:card\" content=\"summary_large_image\" \/>\n<meta name=\"twitter:label1\" content=\"Temps estimat de lectura\" \/>\n\t<meta name=\"twitter:data1\" content=\"1 minut\" \/>\n<script type=\"application\/ld+json\" class=\"yoast-schema-graph\">{\"@context\":\"https:\/\/schema.org\",\"@graph\":[{\"@type\":\"WebPage\",\"@id\":\"https:\/\/ampasantramon.cat\/index.php\/qui-som\/\",\"url\":\"https:\/\/ampasantramon.cat\/index.php\/qui-som\/\",\"name\":\"Qui som? - AMPA Sant Ramon de Penyafort\",\"isPartOf\":{\"@id\":\"https:\/\/ampasantramon.cat\/#website\"},\"datePublished\":\"2020-01-03T17:44:49+00:00\",\"dateModified\":\"2025-01-15T08:19:08+00:00\",\"breadcrumb\":{\"@id\":\"https:\/\/ampasantramon.cat\/index.php\/qui-som\/#breadcrumb\"},\"inLanguage\":\"ca\",\"potentialAction\":[{\"@type\":\"ReadAction\",\"target\":[\"https:\/\/ampasantramon.cat\/index.php\/qui-som\/\"]}]},{\"@type\":\"BreadcrumbList\",\"@id\":\"https:\/\/ampasantramon.cat\/index.php\/qui-som\/#breadcrumb\",\"itemListElement\":[{\"@type\":\"ListItem\",\"position\":1,\"name\":\"Inici\",\"item\":\"https:\/\/ampasantramon.cat\/\"},{\"@type\":\"ListItem\",\"position\":2,\"name\":\"Qui som?\"}]},{\"@type\":\"WebSite\",\"@id\":\"https:\/\/ampasantramon.cat\/#website\",\"url\":\"https:\/\/ampasantramon.cat\/\",\"name\":\"AMPA Sant Ramon de Penyafort\",\"description\":\"P\u00e0gina web de l&#039;escola Sant Ramon de Penyafort - Manyanet Vilafranca\",\"publisher\":{\"@id\":\"https:\/\/ampasantramon.cat\/#organization\"},\"potentialAction\":[{\"@type\":\"SearchAction\",\"target\":{\"@type\":\"EntryPoint\",\"urlTemplate\":\"https:\/\/ampasantramon.cat\/?s={search_term_string}\"},\"query-input\":{\"@type\":\"PropertyValueSpecification\",\"valueRequired\":true,\"valueName\":\"search_term_string\"}}],\"inLanguage\":\"ca\"},{\"@type\":\"Organization\",\"@id\":\"https:\/\/ampasantramon.cat\/#organization\",\"name\":\"AMPA Sant Ramon de Penyafort\",\"url\":\"https:\/\/ampasantramon.cat\/\",\"logo\":{\"@type\":\"ImageObject\",\"inLanguage\":\"ca\",\"@id\":\"https:\/\/ampasantramon.cat\/#\/schema\/logo\/image\/\",\"url\":\"https:\/\/ampasantramon.cat\/wp-content\/uploads\/2020\/01\/cropped-ampa_logo_400x400-2.jpg\",\"contentUrl\":\"https:\/\/ampasantramon.cat\/wp-content\/uploads\/2020\/01\/cropped-ampa_logo_400x400-2.jpg\",\"width\":150,\"height\":150,\"caption\":\"AMPA Sant Ramon de Penyafort\"},\"image\":{\"@id\":\"https:\/\/ampasantramon.cat\/#\/schema\/logo\/image\/\"},\"sameAs\":[\"https:\/\/www.instagram.com\/ampamanyanetvilafranca\/\"]}]}<\/script>\n<!-- \/ Yoast SEO plugin. -->","yoast_head_json":{"title":"Qui som? - AMPA Sant Ramon de Penyafort","robots":{"index":"index","follow":"follow","max-snippet":"max-snippet:-1","max-image-preview":"max-image-preview:large","max-video-preview":"max-video-preview:-1"},"canonical":"https:\/\/ampasantramon.cat\/index.php\/qui-som\/","og_locale":"ca_ES","og_type":"article","og_title":"Qui som? - AMPA Sant Ramon de Penyafort","og_description":"Formen part de l&#8217;AMPA tots aquells que col\u00b7laboren econ\u00f2micament amb el finan\u00e7ament de les activitats organitzades per l\u2019AMPA, que prov\u00e9 de la quota mensual establerta anualment i aprovada a l\u2019assemblea general de l\u2019associaci\u00f3. L\u2019AMPA&nbsp;\u00e9s representada pels membres de la junta directiva, que \u00e9s renovada peri\u00f2dicament a l\u2019assemblea general per votaci\u00f3 dels associats. S\u2019organitza en diferents [&hellip;]","og_url":"https:\/\/ampasantramon.cat\/index.php\/qui-som\/","og_site_name":"AMPA Sant Ramon de Penyafort","article_modified_time":"2025-01-15T08:19:08+00:00","twitter_card":"summary_large_image","twitter_misc":{"Temps estimat de lectura":"1 minut"},"schema":{"@context":"https:\/\/schema.org","@graph":[{"@type":"WebPage","@id":"https:\/\/ampasantramon.cat\/index.php\/qui-som\/","url":"https:\/\/ampasantramon.cat\/index.php\/qui-som\/","name":"Qui som? - AMPA Sant Ramon de Penyafort","isPartOf":{"@id":"https:\/\/ampasantramon.cat\/#website"},"datePublished":"2020-01-03T17:44:49+00:00","dateModified":"2025-01-15T08:19:08+00:00","breadcrumb":{"@id":"https:\/\/ampasantramon.cat\/index.php\/qui-som\/#breadcrumb"},"inLanguage":"ca","potentialAction":[{"@type":"ReadAction","target":["https:\/\/ampasantramon.cat\/index.php\/qui-som\/"]}]},{"@type":"BreadcrumbList","@id":"https:\/\/ampasantramon.cat\/index.php\/qui-som\/#breadcrumb","itemListElement":[{"@type":"ListItem","position":1,"name":"Inici","item":"https:\/\/ampasantramon.cat\/"},{"@type":"ListItem","position":2,"name":"Qui som?"}]},{"@type":"WebSite","@id":"https:\/\/ampasantramon.cat\/#website","url":"https:\/\/ampasantramon.cat\/","name":"AMPA Sant Ramon de Penyafort","description":"P\u00e0gina web de l&#039;escola Sant Ramon de Penyafort - Manyanet Vilafranca","publisher":{"@id":"https:\/\/ampasantramon.cat\/#organization"},"potentialAction":[{"@type":"SearchAction","target":{"@type":"EntryPoint","urlTemplate":"https:\/\/ampasantramon.cat\/?s={search_term_string}"},"query-input":{"@type":"PropertyValueSpecification","valueRequired":true,"valueName":"search_term_string"}}],"inLanguage":"ca"},{"@type":"Organization","@id":"https:\/\/ampasantramon.cat\/#organization","name":"AMPA Sant Ramon de Penyafort","url":"https:\/\/ampasantramon.cat\/","logo":{"@type":"ImageObject","inLanguage":"ca","@id":"https:\/\/ampasantramon.cat\/#\/schema\/logo\/image\/","url":"https:\/\/ampasantramon.cat\/wp-content\/uploads\/2020\/01\/cropped-ampa_logo_400x400-2.jpg","contentUrl":"https:\/\/ampasantramon.cat\/wp-content\/uploads\/2020\/01\/cropped-ampa_logo_400x400-2.jpg","width":150,"height":150,"caption":"AMPA Sant Ramon de Penyafort"},"image":{"@id":"https:\/\/ampasantramon.cat\/#\/schema\/logo\/image\/"},"sameAs":["https:\/\/www.instagram.com\/ampamanyanetvilafranca\/"]}]}},"_links":{"self":[{"href":"https:\/\/ampasantramon.cat\/index.php\/wp-json\/wp\/v2\/pages\/29","targetHints":{"allow":["GET"]}}],"collection":[{"href":"https:\/\/ampasantramon.cat\/index.php\/wp-json\/wp\/v2\/pages"}],"about":[{"href":"https:\/\/ampasantramon.cat\/index.php\/wp-json\/wp\/v2\/types\/page"}],"author":[{"embeddable":true,"href":"https:\/\/ampasantramon.cat\/index.php\/wp-json\/wp\/v2\/users\/2"}],"replies":[{"embeddable":true,"href":"https:\/\/ampasantramon.cat\/index.php\/wp-json\/wp\/v2\/comments?post=29"}],"version-history":[{"count":17,"href":"https:\/\/ampasantramon.cat\/index.php\/wp-json\/wp\/v2\/pages\/29\/revisions"}],"predecessor-version":[{"id":285,"href":"https:\/\/ampasantramon.cat\/index.php\/wp-json\/wp\/v2\/pages\/29\/revisions\/285"}],"wp:attachment":[{"href":"https:\/\/ampasantramon.cat\/index.php\/wp-json\/wp\/v2\/media?parent=29"}],"curies":[{"name":"wp","href":"https:\/\/api.w.org\/{rel}","templated":true}]}}