{"id":35,"date":"2020-01-03T18:13:00","date_gmt":"2020-01-03T18:13:00","guid":{"rendered":"https:\/\/ampasantramon.cat\/?page_id=35"},"modified":"2025-01-15T08:22:48","modified_gmt":"2025-01-15T08:22:48","slug":"que-fem","status":"publish","type":"page","link":"https:\/\/ampasantramon.cat\/index.php\/que-fem\/","title":{"rendered":"Qu\u00e8 fem?"},"content":{"rendered":"\n<p>A banda de vetllar pel benestar dels alumnes i treballar en diverses iniciatives per millorar les condicions dels alumnes, fem diverses aportacions, col\u00b7laborem en la majoria d&#8217;activitats dutes a terme per l&#8217;escola i organitzem altres activitats complement\u00e0ries:<\/p>\n\n\n\n<p>Extraescolars<\/p>\n\n\n\n<p>Monitoratge tardes de Juny<\/p>\n\n\n\n<p>Activitats Nadal:<\/p>\n\n\n\n<ul class=\"wp-block-list\">\n<li>Nadala i felicitaci\u00f3 nadalenca<\/li>\n\n\n\n<li>Concurs de dibuix<\/li>\n\n\n\n<li>Representaci\u00f3 de pastorets<\/li>\n\n\n\n<li>Fer cagar el ti\u00f3<\/li>\n\n\n\n<li>Visita dels patges reials<\/li>\n\n\n\n<li>Pessebre vivent<\/li>\n\n\n\n<li>Xocolatada popular <\/li>\n\n\n\n<li>Obra de teatre<\/li>\n<\/ul>\n\n\n\n<p>Activitats Pasqua:<\/p>\n\n\n\n<ul class=\"wp-block-list\">\n<li>Mostra de mones de Pasqua<\/li>\n<\/ul>\n\n\n\n<p>Setmana de la Fam\u00edlia:<\/p>\n\n\n\n<ul class=\"wp-block-list\">\n<li>Representacions teatrals<\/li>\n\n\n\n<li>Activitats per la mainada<\/li>\n\n\n\n<li>Dinar familiar<\/li>\n\n\n\n<li>Barra solid\u00e0ria<\/li>\n<\/ul>\n\n\n\n<p>Festa de Fi de Curs:<\/p>\n\n\n\n<ul class=\"wp-block-list\">\n<li>Acte de graduaci\u00f3 alumnes 4t ESO<\/li>\n\n\n\n<li>Sopar de final de curs<\/li>\n\n\n\n<li>Ball i DJ<\/li>\n<\/ul>\n\n\n\n<p>Activitats Esportives:<\/p>\n\n\n\n<ul class=\"wp-block-list\">\n<li>Cros de Sant Ramon<\/li>\n\n\n\n<li>Caminada popular<\/li>\n\n\n\n<li>Torneig enxaneta d&#8217;hoquei patinds<\/li>\n\n\n\n<li>Trofeu del vi de patinatge art\u00edstic<\/li>\n<\/ul>\n\n\n\n<p>Altres activitats i col\u00b7laboracions:<\/p>\n\n\n\n<ul class=\"wp-block-list\">\n<li>Certamen de narrativa i poesia curta<\/li>\n\n\n\n<li>Punt de llibre (jocs florals)<\/li>\n\n\n\n<li>Festa de Sant Jordi<\/li>\n\n\n\n<li>Cant\u00e0nia<\/li>\n\n\n\n<li>Calendari<\/li>\n<\/ul>\n\n\n\n<p>Aportacions econ\u00f2miques i col\u00b7laboracions:<\/p>\n\n\n\n<ul class=\"wp-block-list\">\n<li>Subvenci\u00f3 auxiliar de conversa que d\u00f3na suport de 5\u00e8 de Prim\u00e0ria a 4t d&#8217;ESO<\/li>\n\n\n\n<li>Aportaci\u00f3 econ\u00f2mica a l&#8217;escola per adquirir material o mobiliari<\/li>\n\n\n\n<li>Aportaci\u00f3 econ\u00f2mica a les Xerrades d\u2019Afectivitat i Sexualitat pels alumnes d\u2019ESO<\/li>\n\n\n\n<li>Berenar als alumnes de Cicle Superior que participen a la Cant\u00e0nia<\/li>\n\n\n\n<li>Subvenci\u00f3 de les monitores de les tardes de l\u2019\u00faltima setmana escolar del mes de juny<\/li>\n\n\n\n<li><strong>[Nom\u00e9s pels socis]<\/strong> Obsequi als participants al concurs de dibuix<\/li>\n\n\n\n<li><strong>[Nom\u00e9s pels socis]<\/strong> Obsequi als participants a la mostra de mones<\/li>\n\n\n\n<li><strong>[Nom\u00e9s pels socis]<\/strong> Aportaci\u00f3 econ\u00f2mica per la matr\u00edcula d&#8217;hoquei, patinatge <\/li>\n\n\n\n<li><strong>[Nom\u00e9s pels socis]<\/strong> Subvenci\u00f3 calendaris<\/li>\n\n\n\n<li><strong>[Nom\u00e9s pels socis]<\/strong> Subvenci\u00f3 del cost de l\u2019autocar per les Trobades de les Escoles del Pare Manyanet a Begues<\/li>\n\n\n\n<li><strong>[Nom\u00e9s pels socis]<\/strong> Subvenci\u00f3 del cost del sopar als alumnes de 4t d&#8217;ESO<\/li>\n\n\n\n<li><strong>[Nom\u00e9s pels socis] <\/strong>Servei pr\u00e9stec de llibres (Gesti\u00f3 Emocional i Resoluci\u00f3 de Conflictes)<\/li>\n<\/ul>\n","protected":false},"excerpt":{"rendered":"<p>A banda de vetllar pel benestar dels alumnes i treballar en diverses iniciatives per millorar les condicions dels alumnes, fem diverses aportacions, col\u00b7laborem en la majoria d&#8217;activitats dutes a terme per l&#8217;escola i organitzem altres activitats complement\u00e0ries: Extraescolars Monitoratge tardes de Juny Activitats Nadal: Activitats Pasqua: Setmana de la Fam\u00edlia: Festa de Fi de Curs: [&hellip;]<\/p>\n","protected":false},"author":2,"featured_media":0,"parent":0,"menu_order":0,"comment_status":"closed","ping_status":"closed","template":"","meta":{"footnotes":""},"class_list":["post-35","page","type-page","status-publish","hentry"],"yoast_head":"<!-- This site is optimized with the Yoast SEO plugin v24.1 - https:\/\/yoast.com\/wordpress\/plugins\/seo\/ -->\n<title>Qu\u00e8 fem? - AMPA Sant Ramon de Penyafort<\/title>\n<meta name=\"robots\" content=\"index, follow, max-snippet:-1, max-image-preview:large, max-video-preview:-1\" \/>\n<link rel=\"canonical\" href=\"https:\/\/ampasantramon.cat\/index.php\/que-fem\/\" \/>\n<meta property=\"og:locale\" content=\"ca_ES\" \/>\n<meta property=\"og:type\" content=\"article\" \/>\n<meta property=\"og:title\" content=\"Qu\u00e8 fem? - AMPA Sant Ramon de Penyafort\" \/>\n<meta property=\"og:description\" content=\"A banda de vetllar pel benestar dels alumnes i treballar en diverses iniciatives per millorar les condicions dels alumnes, fem diverses aportacions, col\u00b7laborem en la majoria d&#8217;activitats dutes a terme per l&#8217;escola i organitzem altres activitats complement\u00e0ries: Extraescolars Monitoratge tardes de Juny Activitats Nadal: Activitats Pasqua: Setmana de la Fam\u00edlia: Festa de Fi de Curs: [&hellip;]\" \/>\n<meta property=\"og:url\" content=\"https:\/\/ampasantramon.cat\/index.php\/que-fem\/\" \/>\n<meta property=\"og:site_name\" content=\"AMPA Sant Ramon de Penyafort\" \/>\n<meta property=\"article:modified_time\" content=\"2025-01-15T08:22:48+00:00\" \/>\n<meta name=\"twitter:card\" content=\"summary_large_image\" \/>\n<meta name=\"twitter:label1\" content=\"Temps estimat de lectura\" \/>\n\t<meta name=\"twitter:data1\" content=\"2 minuts\" \/>\n<script type=\"application\/ld+json\" class=\"yoast-schema-graph\">{\"@context\":\"https:\/\/schema.org\",\"@graph\":[{\"@type\":\"WebPage\",\"@id\":\"https:\/\/ampasantramon.cat\/index.php\/que-fem\/\",\"url\":\"https:\/\/ampasantramon.cat\/index.php\/que-fem\/\",\"name\":\"Qu\u00e8 fem? - AMPA Sant Ramon de Penyafort\",\"isPartOf\":{\"@id\":\"https:\/\/ampasantramon.cat\/#website\"},\"datePublished\":\"2020-01-03T18:13:00+00:00\",\"dateModified\":\"2025-01-15T08:22:48+00:00\",\"breadcrumb\":{\"@id\":\"https:\/\/ampasantramon.cat\/index.php\/que-fem\/#breadcrumb\"},\"inLanguage\":\"ca\",\"potentialAction\":[{\"@type\":\"ReadAction\",\"target\":[\"https:\/\/ampasantramon.cat\/index.php\/que-fem\/\"]}]},{\"@type\":\"BreadcrumbList\",\"@id\":\"https:\/\/ampasantramon.cat\/index.php\/que-fem\/#breadcrumb\",\"itemListElement\":[{\"@type\":\"ListItem\",\"position\":1,\"name\":\"Inici\",\"item\":\"https:\/\/ampasantramon.cat\/\"},{\"@type\":\"ListItem\",\"position\":2,\"name\":\"Qu\u00e8 fem?\"}]},{\"@type\":\"WebSite\",\"@id\":\"https:\/\/ampasantramon.cat\/#website\",\"url\":\"https:\/\/ampasantramon.cat\/\",\"name\":\"AMPA Sant Ramon de Penyafort\",\"description\":\"P\u00e0gina web de l&#039;escola Sant Ramon de Penyafort - Manyanet Vilafranca\",\"publisher\":{\"@id\":\"https:\/\/ampasantramon.cat\/#organization\"},\"potentialAction\":[{\"@type\":\"SearchAction\",\"target\":{\"@type\":\"EntryPoint\",\"urlTemplate\":\"https:\/\/ampasantramon.cat\/?s={search_term_string}\"},\"query-input\":{\"@type\":\"PropertyValueSpecification\",\"valueRequired\":true,\"valueName\":\"search_term_string\"}}],\"inLanguage\":\"ca\"},{\"@type\":\"Organization\",\"@id\":\"https:\/\/ampasantramon.cat\/#organization\",\"name\":\"AMPA Sant Ramon de Penyafort\",\"url\":\"https:\/\/ampasantramon.cat\/\",\"logo\":{\"@type\":\"ImageObject\",\"inLanguage\":\"ca\",\"@id\":\"https:\/\/ampasantramon.cat\/#\/schema\/logo\/image\/\",\"url\":\"https:\/\/ampasantramon.cat\/wp-content\/uploads\/2020\/01\/cropped-ampa_logo_400x400-2.jpg\",\"contentUrl\":\"https:\/\/ampasantramon.cat\/wp-content\/uploads\/2020\/01\/cropped-ampa_logo_400x400-2.jpg\",\"width\":150,\"height\":150,\"caption\":\"AMPA Sant Ramon de Penyafort\"},\"image\":{\"@id\":\"https:\/\/ampasantramon.cat\/#\/schema\/logo\/image\/\"},\"sameAs\":[\"https:\/\/www.instagram.com\/ampamanyanetvilafranca\/\"]}]}<\/script>\n<!-- \/ Yoast SEO plugin. -->","yoast_head_json":{"title":"Qu\u00e8 fem? - AMPA Sant Ramon de Penyafort","robots":{"index":"index","follow":"follow","max-snippet":"max-snippet:-1","max-image-preview":"max-image-preview:large","max-video-preview":"max-video-preview:-1"},"canonical":"https:\/\/ampasantramon.cat\/index.php\/que-fem\/","og_locale":"ca_ES","og_type":"article","og_title":"Qu\u00e8 fem? - AMPA Sant Ramon de Penyafort","og_description":"A banda de vetllar pel benestar dels alumnes i treballar en diverses iniciatives per millorar les condicions dels alumnes, fem diverses aportacions, col\u00b7laborem en la majoria d&#8217;activitats dutes a terme per l&#8217;escola i organitzem altres activitats complement\u00e0ries: Extraescolars Monitoratge tardes de Juny Activitats Nadal: Activitats Pasqua: Setmana de la Fam\u00edlia: Festa de Fi de Curs: [&hellip;]","og_url":"https:\/\/ampasantramon.cat\/index.php\/que-fem\/","og_site_name":"AMPA Sant Ramon de Penyafort","article_modified_time":"2025-01-15T08:22:48+00:00","twitter_card":"summary_large_image","twitter_misc":{"Temps estimat de lectura":"2 minuts"},"schema":{"@context":"https:\/\/schema.org","@graph":[{"@type":"WebPage","@id":"https:\/\/ampasantramon.cat\/index.php\/que-fem\/","url":"https:\/\/ampasantramon.cat\/index.php\/que-fem\/","name":"Qu\u00e8 fem? - AMPA Sant Ramon de Penyafort","isPartOf":{"@id":"https:\/\/ampasantramon.cat\/#website"},"datePublished":"2020-01-03T18:13:00+00:00","dateModified":"2025-01-15T08:22:48+00:00","breadcrumb":{"@id":"https:\/\/ampasantramon.cat\/index.php\/que-fem\/#breadcrumb"},"inLanguage":"ca","potentialAction":[{"@type":"ReadAction","target":["https:\/\/ampasantramon.cat\/index.php\/que-fem\/"]}]},{"@type":"BreadcrumbList","@id":"https:\/\/ampasantramon.cat\/index.php\/que-fem\/#breadcrumb","itemListElement":[{"@type":"ListItem","position":1,"name":"Inici","item":"https:\/\/ampasantramon.cat\/"},{"@type":"ListItem","position":2,"name":"Qu\u00e8 fem?"}]},{"@type":"WebSite","@id":"https:\/\/ampasantramon.cat\/#website","url":"https:\/\/ampasantramon.cat\/","name":"AMPA Sant Ramon de Penyafort","description":"P\u00e0gina web de l&#039;escola Sant Ramon de Penyafort - Manyanet Vilafranca","publisher":{"@id":"https:\/\/ampasantramon.cat\/#organization"},"potentialAction":[{"@type":"SearchAction","target":{"@type":"EntryPoint","urlTemplate":"https:\/\/ampasantramon.cat\/?s={search_term_string}"},"query-input":{"@type":"PropertyValueSpecification","valueRequired":true,"valueName":"search_term_string"}}],"inLanguage":"ca"},{"@type":"Organization","@id":"https:\/\/ampasantramon.cat\/#organization","name":"AMPA Sant Ramon de Penyafort","url":"https:\/\/ampasantramon.cat\/","logo":{"@type":"ImageObject","inLanguage":"ca","@id":"https:\/\/ampasantramon.cat\/#\/schema\/logo\/image\/","url":"https:\/\/ampasantramon.cat\/wp-content\/uploads\/2020\/01\/cropped-ampa_logo_400x400-2.jpg","contentUrl":"https:\/\/ampasantramon.cat\/wp-content\/uploads\/2020\/01\/cropped-ampa_logo_400x400-2.jpg","width":150,"height":150,"caption":"AMPA Sant Ramon de Penyafort"},"image":{"@id":"https:\/\/ampasantramon.cat\/#\/schema\/logo\/image\/"},"sameAs":["https:\/\/www.instagram.com\/ampamanyanetvilafranca\/"]}]}},"_links":{"self":[{"href":"https:\/\/ampasantramon.cat\/index.php\/wp-json\/wp\/v2\/pages\/35","targetHints":{"allow":["GET"]}}],"collection":[{"href":"https:\/\/ampasantramon.cat\/index.php\/wp-json\/wp\/v2\/pages"}],"about":[{"href":"https:\/\/ampasantramon.cat\/index.php\/wp-json\/wp\/v2\/types\/page"}],"author":[{"embeddable":true,"href":"https:\/\/ampasantramon.cat\/index.php\/wp-json\/wp\/v2\/users\/2"}],"replies":[{"embeddable":true,"href":"https:\/\/ampasantramon.cat\/index.php\/wp-json\/wp\/v2\/comments?post=35"}],"version-history":[{"count":6,"href":"https:\/\/ampasantramon.cat\/index.php\/wp-json\/wp\/v2\/pages\/35\/revisions"}],"predecessor-version":[{"id":287,"href":"https:\/\/ampasantramon.cat\/index.php\/wp-json\/wp\/v2\/pages\/35\/revisions\/287"}],"wp:attachment":[{"href":"https:\/\/ampasantramon.cat\/index.php\/wp-json\/wp\/v2\/media?parent=35"}],"curies":[{"name":"wp","href":"https:\/\/api.w.org\/{rel}","templated":true}]}}