{"id":66,"date":"2020-02-10T18:42:39","date_gmt":"2020-02-10T18:42:39","guid":{"rendered":"https:\/\/ampasantramon.cat\/?page_id=66"},"modified":"2020-02-10T18:43:09","modified_gmt":"2020-02-10T18:43:09","slug":"noticies","status":"publish","type":"page","link":"https:\/\/ampasantramon.cat\/index.php\/noticies\/","title":{"rendered":"Not\u00edcies"},"content":{"rendered":"\n<p><code>\t<div class=\"wpnawfree-plugin news-clearfix \" id=\"wpnw-news-1\">\r\n\r\n\t\t\r\n\t\t\t<div id=\"post-91\" class=\"news type-news wpnaw-blog-class has-no-date news-col-1 wpnaw-first\">\r\n\t\t\t\t<div class=\"news-inner-wrap-view news-clearfix wpnaw-news-no-image\">\r\n\r\n\t\t\t\t\t\r\n\t\t\t\t\t<div class=\"news-content\">\r\n\t\t\t\t\t\t\r\n\t\t\t\t\t\t<div class=\"post-content-text\">\r\n\t\t\t\t\t\t\t<h3 class=\"news-title\"><a href=\"https:\/\/ampasantramon.cat\/index.php\/news\/protegim-nos\/\" rel=\"bookmark\">Protegim-nos!!!<\/a><\/h3>\t\t\t\t\t\t\t\t<div class=\"news-cat\"><\/div>\r\n\t\t\t\t\t\t\t\t\t\t\t\t\t\t\t<div class=\"news-content-excerpt\">\r\n\t\t\t\t\t\t\t\t\t\t\t\t\t\t\t\t\t\t\t<div class=\"news-short-content\">\r\n\t\t\t\t\t\t\t\t\t\t\tT\u2019agrada la mascareta que rebran els socis de l\u2019AMPA i els membres del Club Pat\u00ed Sant Ramon? M\u00e9s informaci\u00f3 al...\t\t\t\t\t\t\t\t\t\t<\/div>\r\n\t\t\t\t\t\t\t\t\t\t<a href=\"https:\/\/ampasantramon.cat\/index.php\/news\/protegim-nos\/\" class=\"news-more-link\">Read More<\/a>\r\n\t\t\t\t\t\t\t\t\t\t\t\t\t\t\t\t\t<\/div><!-- .entry-content -->\r\n\t\t\t\t\t\t\t\t\t\t\t\t\t<\/div>\r\n\t\t\t\t\t<\/div>\r\n\t\t\t\t<\/div><!-- #post-## -->\r\n\t\t\t<\/div><!-- #post-## -->\r\n\t\t\r\n\t\t\t<div id=\"post-84\" class=\"news type-news wpnaw-blog-class has-no-date news-col-1\">\r\n\t\t\t\t<div class=\"news-inner-wrap-view news-clearfix wpnaw-news-no-image\">\r\n\r\n\t\t\t\t\t\r\n\t\t\t\t\t<div class=\"news-content\">\r\n\t\t\t\t\t\t\r\n\t\t\t\t\t\t<div class=\"post-content-text\">\r\n\t\t\t\t\t\t\t<h3 class=\"news-title\"><a href=\"https:\/\/ampasantramon.cat\/index.php\/news\/mostra-de-mones-digital\/\" rel=\"bookmark\">Mostra de Mones Digital<\/a><\/h3>\t\t\t\t\t\t\t\t<div class=\"news-cat\"><\/div>\r\n\t\t\t\t\t\t\t\t\t\t\t\t\t\t\t<div class=\"news-content-excerpt\">\r\n\t\t\t\t\t\t\t\t\t\t\t\t\t\t\t\t\t\t\t<div class=\"news-short-content\">\r\n\t\t\t\t\t\t\t\t\t\t\tAquest any farem la tradicional mostra de mones des de casa. En primer lloc feu la mona a casa i...\t\t\t\t\t\t\t\t\t\t<\/div>\r\n\t\t\t\t\t\t\t\t\t\t<a href=\"https:\/\/ampasantramon.cat\/index.php\/news\/mostra-de-mones-digital\/\" class=\"news-more-link\">Read More<\/a>\r\n\t\t\t\t\t\t\t\t\t\t\t\t\t\t\t\t\t<\/div><!-- .entry-content -->\r\n\t\t\t\t\t\t\t\t\t\t\t\t\t<\/div>\r\n\t\t\t\t\t<\/div>\r\n\t\t\t\t<\/div><!-- #post-## -->\r\n\t\t\t<\/div><!-- #post-## -->\r\n\t\t\r\n\t\t\t<div id=\"post-78\" class=\"news type-news wpnaw-blog-class has-no-date news-col-1\">\r\n\t\t\t\t<div class=\"news-inner-wrap-view news-clearfix wpnaw-news-no-image\">\r\n\r\n\t\t\t\t\t\r\n\t\t\t\t\t<div class=\"news-content\">\r\n\t\t\t\t\t\t\r\n\t\t\t\t\t\t<div class=\"post-content-text\">\r\n\t\t\t\t\t\t\t<h3 class=\"news-title\"><a href=\"https:\/\/ampasantramon.cat\/index.php\/news\/sant-ramon-2-0\/\" rel=\"bookmark\">Sant Ramon 2.0<\/a><\/h3>\t\t\t\t\t\t\t\t<div class=\"news-cat\"><\/div>\r\n\t\t\t\t\t\t\t\t\t\t\t\t\t\t\t<div class=\"news-content-excerpt\">\r\n\t\t\t\t\t\t\t\t\t\t\t\t\t\t\t\t\t\t\t<div class=\"news-short-content\">\r\n\t\t\t\t\t\t\t\t\t\t\tDespr\u00e9s d'un per\u00edode inicial on l'escola s'ha estat adaptant a la situaci\u00f3 excepcional derivada del Covid-19 i per a la...\t\t\t\t\t\t\t\t\t\t<\/div>\r\n\t\t\t\t\t\t\t\t\t\t<a href=\"https:\/\/ampasantramon.cat\/index.php\/news\/sant-ramon-2-0\/\" class=\"news-more-link\">Read More<\/a>\r\n\t\t\t\t\t\t\t\t\t\t\t\t\t\t\t\t\t<\/div><!-- .entry-content -->\r\n\t\t\t\t\t\t\t\t\t\t\t\t\t<\/div>\r\n\t\t\t\t\t<\/div>\r\n\t\t\t\t<\/div><!-- #post-## -->\r\n\t\t\t<\/div><!-- #post-## -->\r\n\t\t\r\n\t\t\t<div id=\"post-72\" class=\"news type-news wpnaw-blog-class has-no-date news-col-1\">\r\n\t\t\t\t<div class=\"news-inner-wrap-view news-clearfix wpnaw-news-no-image\">\r\n\r\n\t\t\t\t\t\r\n\t\t\t\t\t<div class=\"news-content\">\r\n\t\t\t\t\t\t\r\n\t\t\t\t\t\t<div class=\"post-content-text\">\r\n\t\t\t\t\t\t\t<h3 class=\"news-title\"><a href=\"https:\/\/ampasantramon.cat\/index.php\/news\/35e-cros-sant-ramon\/\" rel=\"bookmark\">35\u00e8 Cros Sant Ramon<\/a><\/h3>\t\t\t\t\t\t\t\t<div class=\"news-cat\"><\/div>\r\n\t\t\t\t\t\t\t\t\t\t\t\t\t\t\t<div class=\"news-content-excerpt\">\r\n\t\t\t\t\t\t\t\t\t\t\t\t\t\t\t\t\t\t\t<div class=\"news-short-content\">\r\n\t\t\t\t\t\t\t\t\t\t\tEl proper diumenge 16 de Febrer tindr\u00e0 lloc el 35\u00e8 Cros Escolar Sant Ramon, que aquest any presenta una novetat...\t\t\t\t\t\t\t\t\t\t<\/div>\r\n\t\t\t\t\t\t\t\t\t\t<a href=\"https:\/\/ampasantramon.cat\/index.php\/news\/35e-cros-sant-ramon\/\" class=\"news-more-link\">Read More<\/a>\r\n\t\t\t\t\t\t\t\t\t\t\t\t\t\t\t\t\t<\/div><!-- .entry-content -->\r\n\t\t\t\t\t\t\t\t\t\t\t\t\t<\/div>\r\n\t\t\t\t\t<\/div>\r\n\t\t\t\t<\/div><!-- #post-## -->\r\n\t\t\t<\/div><!-- #post-## -->\r\n\t\t\r\n\t\t\t<div id=\"post-70\" class=\"news type-news wpnaw-blog-class has-no-date news-col-1 wpnaw-last\">\r\n\t\t\t\t<div class=\"news-inner-wrap-view news-clearfix wpnaw-news-no-image\">\r\n\r\n\t\t\t\t\t\r\n\t\t\t\t\t<div class=\"news-content\">\r\n\t\t\t\t\t\t\r\n\t\t\t\t\t\t<div class=\"post-content-text\">\r\n\t\t\t\t\t\t\t<h3 class=\"news-title\"><a href=\"https:\/\/ampasantramon.cat\/index.php\/news\/nou-enllumenat-al-pavello\/\" rel=\"bookmark\">Nou enllumenat al pavell\u00f3!<\/a><\/h3>\t\t\t\t\t\t\t\t<div class=\"news-cat\"><\/div>\r\n\t\t\t\t\t\t\t\t\t\t\t\t\t\t\t<div class=\"news-content-excerpt\">\r\n\t\t\t\t\t\t\t\t\t\t\t\t\t\t\t\t\t\t\t<div class=\"news-short-content\">\r\n\t\t\t\t\t\t\t\t\t\t\tUn grup de pares del Club Pat\u00ed Sant Ramon format per membres de l'AMPA ha col\u00b7locat focus de leds per...\t\t\t\t\t\t\t\t\t\t<\/div>\r\n\t\t\t\t\t\t\t\t\t\t<a href=\"https:\/\/ampasantramon.cat\/index.php\/news\/nou-enllumenat-al-pavello\/\" class=\"news-more-link\">Read More<\/a>\r\n\t\t\t\t\t\t\t\t\t\t\t\t\t\t\t\t\t<\/div><!-- .entry-content -->\r\n\t\t\t\t\t\t\t\t\t\t\t\t\t<\/div>\r\n\t\t\t\t\t<\/div>\r\n\t\t\t\t<\/div><!-- #post-## -->\r\n\t\t\t<\/div><!-- #post-## -->\r\n\t\t\t<\/div>\r\n\r\n\t<\/code><\/p>\n","protected":false},"excerpt":{"rendered":"","protected":false},"author":2,"featured_media":0,"parent":0,"menu_order":0,"comment_status":"closed","ping_status":"closed","template":"","meta":{"footnotes":""},"class_list":["post-66","page","type-page","status-publish","hentry"],"yoast_head":"<!-- This site is optimized with the Yoast SEO plugin v24.1 - https:\/\/yoast.com\/wordpress\/plugins\/seo\/ -->\n<title>Not\u00edcies - AMPA Sant Ramon de Penyafort<\/title>\n<meta name=\"robots\" content=\"index, follow, max-snippet:-1, max-image-preview:large, max-video-preview:-1\" \/>\n<link rel=\"canonical\" href=\"https:\/\/ampasantramon.cat\/index.php\/noticies\/\" \/>\n<meta property=\"og:locale\" content=\"ca_ES\" \/>\n<meta property=\"og:type\" content=\"article\" \/>\n<meta property=\"og:title\" content=\"Not\u00edcies - AMPA Sant Ramon de Penyafort\" \/>\n<meta property=\"og:url\" content=\"https:\/\/ampasantramon.cat\/index.php\/noticies\/\" \/>\n<meta property=\"og:site_name\" content=\"AMPA Sant Ramon de Penyafort\" \/>\n<meta property=\"article:modified_time\" content=\"2020-02-10T18:43:09+00:00\" \/>\n<meta name=\"twitter:card\" content=\"summary_large_image\" \/>\n<script type=\"application\/ld+json\" class=\"yoast-schema-graph\">{\"@context\":\"https:\/\/schema.org\",\"@graph\":[{\"@type\":\"WebPage\",\"@id\":\"https:\/\/ampasantramon.cat\/index.php\/noticies\/\",\"url\":\"https:\/\/ampasantramon.cat\/index.php\/noticies\/\",\"name\":\"Not\u00edcies - AMPA Sant Ramon de Penyafort\",\"isPartOf\":{\"@id\":\"https:\/\/ampasantramon.cat\/#website\"},\"datePublished\":\"2020-02-10T18:42:39+00:00\",\"dateModified\":\"2020-02-10T18:43:09+00:00\",\"breadcrumb\":{\"@id\":\"https:\/\/ampasantramon.cat\/index.php\/noticies\/#breadcrumb\"},\"inLanguage\":\"ca\",\"potentialAction\":[{\"@type\":\"ReadAction\",\"target\":[\"https:\/\/ampasantramon.cat\/index.php\/noticies\/\"]}]},{\"@type\":\"BreadcrumbList\",\"@id\":\"https:\/\/ampasantramon.cat\/index.php\/noticies\/#breadcrumb\",\"itemListElement\":[{\"@type\":\"ListItem\",\"position\":1,\"name\":\"Inici\",\"item\":\"https:\/\/ampasantramon.cat\/\"},{\"@type\":\"ListItem\",\"position\":2,\"name\":\"Not\u00edcies\"}]},{\"@type\":\"WebSite\",\"@id\":\"https:\/\/ampasantramon.cat\/#website\",\"url\":\"https:\/\/ampasantramon.cat\/\",\"name\":\"AMPA Sant Ramon de Penyafort\",\"description\":\"P\u00e0gina web de l&#039;escola Sant Ramon de Penyafort - Manyanet Vilafranca\",\"publisher\":{\"@id\":\"https:\/\/ampasantramon.cat\/#organization\"},\"potentialAction\":[{\"@type\":\"SearchAction\",\"target\":{\"@type\":\"EntryPoint\",\"urlTemplate\":\"https:\/\/ampasantramon.cat\/?s={search_term_string}\"},\"query-input\":{\"@type\":\"PropertyValueSpecification\",\"valueRequired\":true,\"valueName\":\"search_term_string\"}}],\"inLanguage\":\"ca\"},{\"@type\":\"Organization\",\"@id\":\"https:\/\/ampasantramon.cat\/#organization\",\"name\":\"AMPA Sant Ramon de Penyafort\",\"url\":\"https:\/\/ampasantramon.cat\/\",\"logo\":{\"@type\":\"ImageObject\",\"inLanguage\":\"ca\",\"@id\":\"https:\/\/ampasantramon.cat\/#\/schema\/logo\/image\/\",\"url\":\"https:\/\/ampasantramon.cat\/wp-content\/uploads\/2020\/01\/cropped-ampa_logo_400x400-2.jpg\",\"contentUrl\":\"https:\/\/ampasantramon.cat\/wp-content\/uploads\/2020\/01\/cropped-ampa_logo_400x400-2.jpg\",\"width\":150,\"height\":150,\"caption\":\"AMPA Sant Ramon de Penyafort\"},\"image\":{\"@id\":\"https:\/\/ampasantramon.cat\/#\/schema\/logo\/image\/\"},\"sameAs\":[\"https:\/\/www.instagram.com\/ampamanyanetvilafranca\/\"]}]}<\/script>\n<!-- \/ Yoast SEO plugin. -->","yoast_head_json":{"title":"Not\u00edcies - AMPA Sant Ramon de Penyafort","robots":{"index":"index","follow":"follow","max-snippet":"max-snippet:-1","max-image-preview":"max-image-preview:large","max-video-preview":"max-video-preview:-1"},"canonical":"https:\/\/ampasantramon.cat\/index.php\/noticies\/","og_locale":"ca_ES","og_type":"article","og_title":"Not\u00edcies - AMPA Sant Ramon de Penyafort","og_url":"https:\/\/ampasantramon.cat\/index.php\/noticies\/","og_site_name":"AMPA Sant Ramon de Penyafort","article_modified_time":"2020-02-10T18:43:09+00:00","twitter_card":"summary_large_image","schema":{"@context":"https:\/\/schema.org","@graph":[{"@type":"WebPage","@id":"https:\/\/ampasantramon.cat\/index.php\/noticies\/","url":"https:\/\/ampasantramon.cat\/index.php\/noticies\/","name":"Not\u00edcies - AMPA Sant Ramon de Penyafort","isPartOf":{"@id":"https:\/\/ampasantramon.cat\/#website"},"datePublished":"2020-02-10T18:42:39+00:00","dateModified":"2020-02-10T18:43:09+00:00","breadcrumb":{"@id":"https:\/\/ampasantramon.cat\/index.php\/noticies\/#breadcrumb"},"inLanguage":"ca","potentialAction":[{"@type":"ReadAction","target":["https:\/\/ampasantramon.cat\/index.php\/noticies\/"]}]},{"@type":"BreadcrumbList","@id":"https:\/\/ampasantramon.cat\/index.php\/noticies\/#breadcrumb","itemListElement":[{"@type":"ListItem","position":1,"name":"Inici","item":"https:\/\/ampasantramon.cat\/"},{"@type":"ListItem","position":2,"name":"Not\u00edcies"}]},{"@type":"WebSite","@id":"https:\/\/ampasantramon.cat\/#website","url":"https:\/\/ampasantramon.cat\/","name":"AMPA Sant Ramon de Penyafort","description":"P\u00e0gina web de l&#039;escola Sant Ramon de Penyafort - Manyanet Vilafranca","publisher":{"@id":"https:\/\/ampasantramon.cat\/#organization"},"potentialAction":[{"@type":"SearchAction","target":{"@type":"EntryPoint","urlTemplate":"https:\/\/ampasantramon.cat\/?s={search_term_string}"},"query-input":{"@type":"PropertyValueSpecification","valueRequired":true,"valueName":"search_term_string"}}],"inLanguage":"ca"},{"@type":"Organization","@id":"https:\/\/ampasantramon.cat\/#organization","name":"AMPA Sant Ramon de Penyafort","url":"https:\/\/ampasantramon.cat\/","logo":{"@type":"ImageObject","inLanguage":"ca","@id":"https:\/\/ampasantramon.cat\/#\/schema\/logo\/image\/","url":"https:\/\/ampasantramon.cat\/wp-content\/uploads\/2020\/01\/cropped-ampa_logo_400x400-2.jpg","contentUrl":"https:\/\/ampasantramon.cat\/wp-content\/uploads\/2020\/01\/cropped-ampa_logo_400x400-2.jpg","width":150,"height":150,"caption":"AMPA Sant Ramon de Penyafort"},"image":{"@id":"https:\/\/ampasantramon.cat\/#\/schema\/logo\/image\/"},"sameAs":["https:\/\/www.instagram.com\/ampamanyanetvilafranca\/"]}]}},"_links":{"self":[{"href":"https:\/\/ampasantramon.cat\/index.php\/wp-json\/wp\/v2\/pages\/66","targetHints":{"allow":["GET"]}}],"collection":[{"href":"https:\/\/ampasantramon.cat\/index.php\/wp-json\/wp\/v2\/pages"}],"about":[{"href":"https:\/\/ampasantramon.cat\/index.php\/wp-json\/wp\/v2\/types\/page"}],"author":[{"embeddable":true,"href":"https:\/\/ampasantramon.cat\/index.php\/wp-json\/wp\/v2\/users\/2"}],"replies":[{"embeddable":true,"href":"https:\/\/ampasantramon.cat\/index.php\/wp-json\/wp\/v2\/comments?post=66"}],"version-history":[{"count":2,"href":"https:\/\/ampasantramon.cat\/index.php\/wp-json\/wp\/v2\/pages\/66\/revisions"}],"predecessor-version":[{"id":69,"href":"https:\/\/ampasantramon.cat\/index.php\/wp-json\/wp\/v2\/pages\/66\/revisions\/69"}],"wp:attachment":[{"href":"https:\/\/ampasantramon.cat\/index.php\/wp-json\/wp\/v2\/media?parent=66"}],"curies":[{"name":"wp","href":"https:\/\/api.w.org\/{rel}","templated":true}]}}